{"id":6,"date":"2025-10-24T12:09:24","date_gmt":"2025-10-24T10:09:24","guid":{"rendered":"https:\/\/www.farmaciediquartiere.it\/farmacia-borgo-vecchio\/?page_id=6"},"modified":"2026-02-11T16:27:01","modified_gmt":"2026-02-11T15:27:01","slug":"home","status":"publish","type":"page","link":"https:\/\/www.farmaciediquartiere.it\/farmacia-borgo-vecchio\/","title":{"rendered":"Home"},"content":{"rendered":"\t\t<div data-elementor-type=\"wp-page\" data-elementor-id=\"6\" class=\"elementor elementor-6\">\n\t\t\t\t<div class=\"elementor-element elementor-element-a92f0b3 e-flex e-con-boxed e-con e-parent\" data-id=\"a92f0b3\" data-element_type=\"container\" data-e-type=\"container\" data-settings=\"{&quot;background_background&quot;:&quot;classic&quot;}\">\n\t\t\t\t\t<div class=\"e-con-inner\">\n\t\t\t\t<div class=\"elementor-element elementor-element-93dedd4 elementor-widget elementor-widget-fdq-box-history\" data-id=\"93dedd4\" data-element_type=\"widget\" data-e-type=\"widget\" data-widget_type=\"fdq-box-history.default\">\n\t\t\t\t<div class=\"elementor-widget-container\">\n\t\t\t\t\t        <div class=\"fdq-box-history-widget container\">\n            <div class=\"row\">\n                <div class=\"col-3 d-none d-lg-flex align-items-center \">                    <div class=\"\">\n                        <div class=\"swiper-wrapper\">\n                            <div class=\"swiper-slide\"><img decoding=\"async\" class=\"rounded-3 rounded-lg-5\" src=\"https:\/\/www.farmaciediquartiere.it\/farmacia-borgo-vecchio\/wp-content\/uploads\/sites\/5\/2026\/01\/borgovecchio.png\" srcset=\"https:\/\/www.farmaciediquartiere.it\/farmacia-borgo-vecchio\/wp-content\/uploads\/sites\/5\/2026\/01\/borgovecchio.png 600w, https:\/\/www.farmaciediquartiere.it\/farmacia-borgo-vecchio\/wp-content\/uploads\/sites\/5\/2026\/01\/borgovecchio-300x300.png 300w, https:\/\/www.farmaciediquartiere.it\/farmacia-borgo-vecchio\/wp-content\/uploads\/sites\/5\/2026\/01\/borgovecchio-150x150.png 150w\" sizes=\"(max-width: 600px) 100vw, 600px\" alt=\"\"><\/div>                        <\/div>\n\n                    <div class=\"swiper-navigation d-none d-lg-flex gap-3 justify-content-start text-primary\">\n                        <div class=\"swiper-button-prev-history\">\n                            <svg width=\"44\" height=\"44\" xmlns=\"http:\/\/www.w3.org\/2000\/svg\" viewBox=\"0 0 44 44\">\n                                <path d=\"M.5,23.22s0,0,0,0l8.98,8.94c.67.67,1.76.67,2.43,0,.67-.67.67-1.76,0-2.43l-6.03-6h36.4c.95,0,1.72-.77,1.72-1.72s-.77-1.72-1.72-1.72H5.88l6.03-6c.67-.67.68-1.76,0-2.43-.67-.67-1.76-.68-2.43,0L.51,20.78s0,0,0,0c-.67.67-.67,1.76,0,2.43Z\" fill=\"currentColor\" \/>\n                            <\/svg>\n                        <\/div>\n                        <div class=\"swiper-button-next-history\">\n                            <svg version=\"1.1\" xmlns=\"http:\/\/www.w3.org\/2000\/svg\" xmlns:xlink=\"http:\/\/www.w3.org\/1999\/xlink\" x=\"0px\" y=\"0px\" viewBox=\"0 0 512 512\" style=\"enable-background:new 0 0 512 512;\" width=\"44\" height=\"44\" xml:space=\"preserve\">\n                                <path d=\"M506.134,241.843c-0.006-0.006-0.011-0.013-0.018-0.019l-104.504-104c-7.829-7.791-20.492-7.762-28.285,0.068 c-7.792,7.829-7.762,20.492,0.067,28.284L443.558,236H20c-11.046,0-20,8.954-20,20c0,11.046,8.954,20,20,20h423.557 l-70.162,69.824c-7.829,7.792-7.859,20.455-0.067,28.284c7.793,7.831,20.457,7.858,28.285,0.068l104.504-104 c0.006-0.006,0.011-0.013,0.018-0.019C513.968,262.339,513.943,249.635,506.134,241.843z\" fill=\"currentColor\" \/>\n                            <\/svg>\n                        <\/div>\n                    <\/div>\n                    <\/div>\n                    <div class=\"swiper-pagination-slider swiper-pagination\"><\/div>\n            <\/div>\n                <div class=\"col\">\n            <h2 class=\"text-primary\">La Storia<\/h2>\n            <div><p>Inaugurata nell'ottobre 2020, la Farmacia Borgo Vecchio nasce da un progetto di salute ambizioso e fortemente voluto. La nostra missione \u00e8 portare quotidianamente competenza e professionalit\u00e0 nel cuore della comunit\u00e0, agendo come un punto di riferimento sicuro sia per i residenti che per i numerosi turisti che visitano il borgo. L'ascolto attivo e la cura della persona sono i pilastri su cui costruiamo ogni giorno il nostro rapporto con il pubblico, offrendo un servizio che unisce l'eccellenza scientifica al calore umano.<\/p><\/div>                            <div class=\"d-lg-none mt-4\">\n\n                    <div class=\"swiper-wrapper\">\n                        <div class=\"swiper-slide\"><img decoding=\"async\" class=\"rounded-3 rounded-lg-5\" src=\"https:\/\/www.farmaciediquartiere.it\/farmacia-borgo-vecchio\/wp-content\/uploads\/sites\/5\/2026\/01\/borgovecchio.png\" srcset=\"https:\/\/www.farmaciediquartiere.it\/farmacia-borgo-vecchio\/wp-content\/uploads\/sites\/5\/2026\/01\/borgovecchio.png 600w, https:\/\/www.farmaciediquartiere.it\/farmacia-borgo-vecchio\/wp-content\/uploads\/sites\/5\/2026\/01\/borgovecchio-300x300.png 300w, https:\/\/www.farmaciediquartiere.it\/farmacia-borgo-vecchio\/wp-content\/uploads\/sites\/5\/2026\/01\/borgovecchio-150x150.png 150w\" sizes=\"(max-width: 600px) 100vw, 600px\" alt=\"\"><\/div>                    <\/div>\n\n                <\/div>\n                <div class=\"swiper-navigation d-flex gap-3 justify-content-center text-primary d-lg-none\">\n                    <div class=\"swiper-button-prev-history\">\n                        <svg width=\"44\" height=\"44\" xmlns=\"http:\/\/www.w3.org\/2000\/svg\" viewBox=\"0 0 44 44\">\n                            <path d=\"M.5,23.22s0,0,0,0l8.98,8.94c.67.67,1.76.67,2.43,0,.67-.67.67-1.76,0-2.43l-6.03-6h36.4c.95,0,1.72-.77,1.72-1.72s-.77-1.72-1.72-1.72H5.88l6.03-6c.67-.67.68-1.76,0-2.43-.67-.67-1.76-.68-2.43,0L.51,20.78s0,0,0,0c-.67.67-.67,1.76,0,2.43Z\" fill=\"currentColor\" \/>\n                        <\/svg>\n                    <\/div>\n                    <div class=\"swiper-button-next-history\">\n                        <svg version=\"1.1\" xmlns=\"http:\/\/www.w3.org\/2000\/svg\" xmlns:xlink=\"http:\/\/www.w3.org\/1999\/xlink\" x=\"0px\" y=\"0px\" viewBox=\"0 0 512 512\" style=\"enable-background:new 0 0 512 512;\" width=\"44\" height=\"44\" xml:space=\"preserve\">\n                            <path d=\"M506.134,241.843c-0.006-0.006-0.011-0.013-0.018-0.019l-104.504-104c-7.829-7.791-20.492-7.762-28.285,0.068 c-7.792,7.829-7.762,20.492,0.067,28.284L443.558,236H20c-11.046,0-20,8.954-20,20c0,11.046,8.954,20,20,20h423.557 l-70.162,69.824c-7.829,7.792-7.859,20.455-0.067,28.284c7.793,7.831,20.457,7.858,28.285,0.068l104.504-104 c0.006-0.006,0.011-0.013,0.018-0.019C513.968,262.339,513.943,249.635,506.134,241.843z\" fill=\"currentColor\" \/>\n                        <\/svg>\n                    <\/div>\n                <\/div>\n                <div class=\"swiper-pagination-slider swiper-pagination\"><\/div>\n                    <\/div>\n        <\/div>\n\n        <\/div>\n\n\n        \n    \t\t\t\t<\/div>\n\t\t\t\t<\/div>\n\t\t\t\t\t<\/div>\n\t\t\t\t<\/div>\n\t\t\t\t<\/div>\n\t\t","protected":false},"excerpt":{"rendered":"<p>La Storia Inaugurata nell&#8217;ottobre 2020, la Farmacia Borgo Vecchio nasce da un progetto di salute ambizioso e fortemente voluto. La nostra missione \u00e8 portare quotidianamente competenza\u2026<\/p>\n","protected":false},"author":1,"featured_media":0,"parent":0,"menu_order":0,"comment_status":"closed","ping_status":"closed","template":"","meta":{"footnotes":""},"class_list":["post-6","page","type-page","status-publish","hentry"],"yoast_head":"<!-- This site is optimized with the Yoast SEO plugin v27.2 - https:\/\/yoast.com\/product\/yoast-seo-wordpress\/ -->\n<title>Home - Farmacia Borgo Vecchio<\/title>\n<meta name=\"robots\" content=\"index, follow, max-snippet:-1, max-image-preview:large, max-video-preview:-1\" \/>\n<link rel=\"canonical\" href=\"https:\/\/www.farmaciediquartiere.it\/farmacia-borgo-vecchio\/\" \/>\n<meta property=\"og:locale\" content=\"it_IT\" \/>\n<meta property=\"og:type\" content=\"article\" \/>\n<meta property=\"og:title\" content=\"Home - Farmacia Borgo Vecchio\" \/>\n<meta property=\"og:description\" content=\"La Storia Inaugurata nell&#8217;ottobre 2020, la Farmacia Borgo Vecchio nasce da un progetto di salute ambizioso e fortemente voluto. La nostra missione \u00e8 portare quotidianamente competenza\u2026\" \/>\n<meta property=\"og:url\" content=\"https:\/\/www.farmaciediquartiere.it\/farmacia-borgo-vecchio\/\" \/>\n<meta property=\"og:site_name\" content=\"Farmacia Borgo Vecchio\" \/>\n<meta property=\"article:modified_time\" content=\"2026-02-11T15:27:01+00:00\" \/>\n<meta property=\"og:image\" content=\"https:\/\/www.farmaciediquartiere.it\/farmacia-borgo-vecchio\/wp-content\/uploads\/sites\/5\/2026\/01\/borgovecchio.png\" \/>\n<meta name=\"twitter:card\" content=\"summary_large_image\" \/>\n<meta name=\"twitter:label1\" content=\"Tempo di lettura stimato\" \/>\n\t<meta name=\"twitter:data1\" content=\"1 minuto\" \/>\n<script type=\"application\/ld+json\" class=\"yoast-schema-graph\">{\"@context\":\"https:\/\/schema.org\",\"@graph\":[{\"@type\":\"WebPage\",\"@id\":\"https:\/\/www.farmaciediquartiere.it\/farmacia-borgo-vecchio\/\",\"url\":\"https:\/\/www.farmaciediquartiere.it\/farmacia-borgo-vecchio\/\",\"name\":\"Home - Farmacia Borgo Vecchio\",\"isPartOf\":{\"@id\":\"https:\/\/www.farmaciediquartiere.it\/farmacia-borgo-vecchio\/#website\"},\"primaryImageOfPage\":{\"@id\":\"https:\/\/www.farmaciediquartiere.it\/farmacia-borgo-vecchio\/#primaryimage\"},\"image\":{\"@id\":\"https:\/\/www.farmaciediquartiere.it\/farmacia-borgo-vecchio\/#primaryimage\"},\"thumbnailUrl\":\"https:\/\/www.farmaciediquartiere.it\/farmacia-borgo-vecchio\/wp-content\/uploads\/sites\/5\/2026\/01\/borgovecchio.png\",\"datePublished\":\"2025-10-24T10:09:24+00:00\",\"dateModified\":\"2026-02-11T15:27:01+00:00\",\"breadcrumb\":{\"@id\":\"https:\/\/www.farmaciediquartiere.it\/farmacia-borgo-vecchio\/#breadcrumb\"},\"inLanguage\":\"it-IT\",\"potentialAction\":[{\"@type\":\"ReadAction\",\"target\":[\"https:\/\/www.farmaciediquartiere.it\/farmacia-borgo-vecchio\/\"]}]},{\"@type\":\"ImageObject\",\"inLanguage\":\"it-IT\",\"@id\":\"https:\/\/www.farmaciediquartiere.it\/farmacia-borgo-vecchio\/#primaryimage\",\"url\":\"https:\/\/www.farmaciediquartiere.it\/farmacia-borgo-vecchio\/wp-content\/uploads\/sites\/5\/2026\/01\/borgovecchio.png\",\"contentUrl\":\"https:\/\/www.farmaciediquartiere.it\/farmacia-borgo-vecchio\/wp-content\/uploads\/sites\/5\/2026\/01\/borgovecchio.png\",\"width\":600,\"height\":600},{\"@type\":\"BreadcrumbList\",\"@id\":\"https:\/\/www.farmaciediquartiere.it\/farmacia-borgo-vecchio\/#breadcrumb\",\"itemListElement\":[{\"@type\":\"ListItem\",\"position\":1,\"name\":\"Home\",\"item\":\"https:\/\/www.farmaciediquartiere.it\/farmacia-borgo-vecchio\/\"},{\"@type\":\"ListItem\",\"position\":2,\"name\":\"Home\"}]},{\"@type\":\"WebSite\",\"@id\":\"https:\/\/www.farmaciediquartiere.it\/farmacia-borgo-vecchio\/#website\",\"url\":\"https:\/\/www.farmaciediquartiere.it\/farmacia-borgo-vecchio\/\",\"name\":\"Farmacia Borgo Vecchio\",\"description\":\"\",\"publisher\":{\"@id\":\"https:\/\/www.farmaciediquartiere.it\/farmacia-borgo-vecchio\/#organization\"},\"potentialAction\":[{\"@type\":\"SearchAction\",\"target\":{\"@type\":\"EntryPoint\",\"urlTemplate\":\"https:\/\/www.farmaciediquartiere.it\/farmacia-borgo-vecchio\/?s={search_term_string}\"},\"query-input\":{\"@type\":\"PropertyValueSpecification\",\"valueRequired\":true,\"valueName\":\"search_term_string\"}}],\"inLanguage\":\"it-IT\"},{\"@type\":\"Organization\",\"@id\":\"https:\/\/www.farmaciediquartiere.it\/farmacia-borgo-vecchio\/#organization\",\"name\":\"Farmacia Borgo Vecchio\",\"url\":\"https:\/\/www.farmaciediquartiere.it\/farmacia-borgo-vecchio\/\",\"logo\":{\"@type\":\"ImageObject\",\"inLanguage\":\"it-IT\",\"@id\":\"https:\/\/www.farmaciediquartiere.it\/farmacia-borgo-vecchio\/#\/schema\/logo\/image\/\",\"url\":\"https:\/\/www.farmaciediquartiere.it\/farmacia-borgo-vecchio\/wp-content\/uploads\/sites\/5\/2025\/10\/logo-farmacie-di-quartiere.svg\",\"contentUrl\":\"https:\/\/www.farmaciediquartiere.it\/farmacia-borgo-vecchio\/wp-content\/uploads\/sites\/5\/2025\/10\/logo-farmacie-di-quartiere.svg\",\"width\":224,\"height\":104,\"caption\":\"Farmacia Borgo Vecchio\"},\"image\":{\"@id\":\"https:\/\/www.farmaciediquartiere.it\/farmacia-borgo-vecchio\/#\/schema\/logo\/image\/\"}}]}<\/script>\n<!-- \/ Yoast SEO plugin. -->","yoast_head_json":{"title":"Home - Farmacia Borgo Vecchio","robots":{"index":"index","follow":"follow","max-snippet":"max-snippet:-1","max-image-preview":"max-image-preview:large","max-video-preview":"max-video-preview:-1"},"canonical":"https:\/\/www.farmaciediquartiere.it\/farmacia-borgo-vecchio\/","og_locale":"it_IT","og_type":"article","og_title":"Home - Farmacia Borgo Vecchio","og_description":"La Storia Inaugurata nell&#8217;ottobre 2020, la Farmacia Borgo Vecchio nasce da un progetto di salute ambizioso e fortemente voluto. La nostra missione \u00e8 portare quotidianamente competenza\u2026","og_url":"https:\/\/www.farmaciediquartiere.it\/farmacia-borgo-vecchio\/","og_site_name":"Farmacia Borgo Vecchio","article_modified_time":"2026-02-11T15:27:01+00:00","og_image":[{"url":"https:\/\/www.farmaciediquartiere.it\/farmacia-borgo-vecchio\/wp-content\/uploads\/sites\/5\/2026\/01\/borgovecchio.png","type":"","width":"","height":""}],"twitter_card":"summary_large_image","twitter_misc":{"Tempo di lettura stimato":"1 minuto"},"schema":{"@context":"https:\/\/schema.org","@graph":[{"@type":"WebPage","@id":"https:\/\/www.farmaciediquartiere.it\/farmacia-borgo-vecchio\/","url":"https:\/\/www.farmaciediquartiere.it\/farmacia-borgo-vecchio\/","name":"Home - Farmacia Borgo Vecchio","isPartOf":{"@id":"https:\/\/www.farmaciediquartiere.it\/farmacia-borgo-vecchio\/#website"},"primaryImageOfPage":{"@id":"https:\/\/www.farmaciediquartiere.it\/farmacia-borgo-vecchio\/#primaryimage"},"image":{"@id":"https:\/\/www.farmaciediquartiere.it\/farmacia-borgo-vecchio\/#primaryimage"},"thumbnailUrl":"https:\/\/www.farmaciediquartiere.it\/farmacia-borgo-vecchio\/wp-content\/uploads\/sites\/5\/2026\/01\/borgovecchio.png","datePublished":"2025-10-24T10:09:24+00:00","dateModified":"2026-02-11T15:27:01+00:00","breadcrumb":{"@id":"https:\/\/www.farmaciediquartiere.it\/farmacia-borgo-vecchio\/#breadcrumb"},"inLanguage":"it-IT","potentialAction":[{"@type":"ReadAction","target":["https:\/\/www.farmaciediquartiere.it\/farmacia-borgo-vecchio\/"]}]},{"@type":"ImageObject","inLanguage":"it-IT","@id":"https:\/\/www.farmaciediquartiere.it\/farmacia-borgo-vecchio\/#primaryimage","url":"https:\/\/www.farmaciediquartiere.it\/farmacia-borgo-vecchio\/wp-content\/uploads\/sites\/5\/2026\/01\/borgovecchio.png","contentUrl":"https:\/\/www.farmaciediquartiere.it\/farmacia-borgo-vecchio\/wp-content\/uploads\/sites\/5\/2026\/01\/borgovecchio.png","width":600,"height":600},{"@type":"BreadcrumbList","@id":"https:\/\/www.farmaciediquartiere.it\/farmacia-borgo-vecchio\/#breadcrumb","itemListElement":[{"@type":"ListItem","position":1,"name":"Home","item":"https:\/\/www.farmaciediquartiere.it\/farmacia-borgo-vecchio\/"},{"@type":"ListItem","position":2,"name":"Home"}]},{"@type":"WebSite","@id":"https:\/\/www.farmaciediquartiere.it\/farmacia-borgo-vecchio\/#website","url":"https:\/\/www.farmaciediquartiere.it\/farmacia-borgo-vecchio\/","name":"Farmacia Borgo Vecchio","description":"","publisher":{"@id":"https:\/\/www.farmaciediquartiere.it\/farmacia-borgo-vecchio\/#organization"},"potentialAction":[{"@type":"SearchAction","target":{"@type":"EntryPoint","urlTemplate":"https:\/\/www.farmaciediquartiere.it\/farmacia-borgo-vecchio\/?s={search_term_string}"},"query-input":{"@type":"PropertyValueSpecification","valueRequired":true,"valueName":"search_term_string"}}],"inLanguage":"it-IT"},{"@type":"Organization","@id":"https:\/\/www.farmaciediquartiere.it\/farmacia-borgo-vecchio\/#organization","name":"Farmacia Borgo Vecchio","url":"https:\/\/www.farmaciediquartiere.it\/farmacia-borgo-vecchio\/","logo":{"@type":"ImageObject","inLanguage":"it-IT","@id":"https:\/\/www.farmaciediquartiere.it\/farmacia-borgo-vecchio\/#\/schema\/logo\/image\/","url":"https:\/\/www.farmaciediquartiere.it\/farmacia-borgo-vecchio\/wp-content\/uploads\/sites\/5\/2025\/10\/logo-farmacie-di-quartiere.svg","contentUrl":"https:\/\/www.farmaciediquartiere.it\/farmacia-borgo-vecchio\/wp-content\/uploads\/sites\/5\/2025\/10\/logo-farmacie-di-quartiere.svg","width":224,"height":104,"caption":"Farmacia Borgo Vecchio"},"image":{"@id":"https:\/\/www.farmaciediquartiere.it\/farmacia-borgo-vecchio\/#\/schema\/logo\/image\/"}}]}},"_links":{"self":[{"href":"https:\/\/www.farmaciediquartiere.it\/farmacia-borgo-vecchio\/wp-json\/wp\/v2\/pages\/6","targetHints":{"allow":["GET"]}}],"collection":[{"href":"https:\/\/www.farmaciediquartiere.it\/farmacia-borgo-vecchio\/wp-json\/wp\/v2\/pages"}],"about":[{"href":"https:\/\/www.farmaciediquartiere.it\/farmacia-borgo-vecchio\/wp-json\/wp\/v2\/types\/page"}],"author":[{"embeddable":true,"href":"https:\/\/www.farmaciediquartiere.it\/farmacia-borgo-vecchio\/wp-json\/wp\/v2\/users\/1"}],"replies":[{"embeddable":true,"href":"https:\/\/www.farmaciediquartiere.it\/farmacia-borgo-vecchio\/wp-json\/wp\/v2\/comments?post=6"}],"version-history":[{"count":61,"href":"https:\/\/www.farmaciediquartiere.it\/farmacia-borgo-vecchio\/wp-json\/wp\/v2\/pages\/6\/revisions"}],"predecessor-version":[{"id":586,"href":"https:\/\/www.farmaciediquartiere.it\/farmacia-borgo-vecchio\/wp-json\/wp\/v2\/pages\/6\/revisions\/586"}],"wp:attachment":[{"href":"https:\/\/www.farmaciediquartiere.it\/farmacia-borgo-vecchio\/wp-json\/wp\/v2\/media?parent=6"}],"curies":[{"name":"wp","href":"https:\/\/api.w.org\/{rel}","templated":true}]}}